{"id":762,"date":"2023-03-19T17:51:56","date_gmt":"2023-03-19T17:51:56","guid":{"rendered":"https:\/\/finechariot.com\/?page_id=762"},"modified":"2023-03-26T10:46:25","modified_gmt":"2023-03-26T10:46:25","slug":"improv-comedy","status":"publish","type":"page","link":"https:\/\/finechariot.com\/index.php\/improv-comedy\/","title":{"rendered":"Improv Comedy"},"content":{"rendered":"\t\t<div data-elementor-type=\"wp-page\" data-elementor-id=\"762\" class=\"elementor elementor-762\">\n\t\t\t\t\t\t<section class=\"elementor-section elementor-top-section elementor-element elementor-element-1d4f671 elementor-section-boxed elementor-section-height-default elementor-section-height-default\" data-id=\"1d4f671\" data-element_type=\"section\" data-settings=\"{&quot;background_background&quot;:&quot;classic&quot;}\">\n\t\t\t\t\t\t<div class=\"elementor-container elementor-column-gap-no\">\n\t\t\t\t\t<div class=\"elementor-column elementor-col-100 elementor-top-column elementor-element elementor-element-8def603\" data-id=\"8def603\" data-element_type=\"column\">\n\t\t\t<div class=\"elementor-widget-wrap elementor-element-populated\">\n\t\t\t\t\t\t<div class=\"elementor-element elementor-element-bd0e5e0 elementor-widget elementor-widget-heading\" data-id=\"bd0e5e0\" data-element_type=\"widget\" data-widget_type=\"heading.default\">\n\t\t\t\t<div class=\"elementor-widget-container\">\n\t\t\t<style>\/*! elementor - v3.22.0 - 26-06-2024 *\/\n.elementor-heading-title{padding:0;margin:0;line-height:1}.elementor-widget-heading .elementor-heading-title[class*=elementor-size-]>a{color:inherit;font-size:inherit;line-height:inherit}.elementor-widget-heading .elementor-heading-title.elementor-size-small{font-size:15px}.elementor-widget-heading .elementor-heading-title.elementor-size-medium{font-size:19px}.elementor-widget-heading .elementor-heading-title.elementor-size-large{font-size:29px}.elementor-widget-heading .elementor-heading-title.elementor-size-xl{font-size:39px}.elementor-widget-heading .elementor-heading-title.elementor-size-xxl{font-size:59px}<\/style><h1 class=\"elementor-heading-title elementor-size-xxl\">Improv Comedy<\/h1>\t\t<\/div>\n\t\t\t\t<\/div>\n\t\t\t\t\t<\/div>\n\t\t<\/div>\n\t\t\t\t\t<\/div>\n\t\t<\/section>\n\t\t\t\t<section class=\"elementor-section elementor-top-section elementor-element elementor-element-1942d31 elementor-section-boxed elementor-section-height-default elementor-section-height-default\" data-id=\"1942d31\" data-element_type=\"section\">\n\t\t\t\t\t\t<div class=\"elementor-container elementor-column-gap-default\">\n\t\t\t\t\t<div class=\"elementor-column elementor-col-100 elementor-top-column elementor-element elementor-element-5c382a8\" data-id=\"5c382a8\" data-element_type=\"column\">\n\t\t\t<div class=\"elementor-widget-wrap elementor-element-populated\">\n\t\t\t\t\t\t<div class=\"elementor-element elementor-element-4885c25 elementor-widget elementor-widget-text-editor\" data-id=\"4885c25\" data-element_type=\"widget\" data-widget_type=\"text-editor.default\">\n\t\t\t\t<div class=\"elementor-widget-container\">\n\t\t\t<style>\/*! elementor - v3.22.0 - 26-06-2024 *\/\n.elementor-widget-text-editor.elementor-drop-cap-view-stacked .elementor-drop-cap{background-color:#69727d;color:#fff}.elementor-widget-text-editor.elementor-drop-cap-view-framed .elementor-drop-cap{color:#69727d;border:3px solid;background-color:transparent}.elementor-widget-text-editor:not(.elementor-drop-cap-view-default) .elementor-drop-cap{margin-top:8px}.elementor-widget-text-editor:not(.elementor-drop-cap-view-default) .elementor-drop-cap-letter{width:1em;height:1em}.elementor-widget-text-editor .elementor-drop-cap{float:left;text-align:center;line-height:1;font-size:50px}.elementor-widget-text-editor .elementor-drop-cap-letter{display:inline-block}<\/style>\t\t\t\t<p>Jeg har optr\u00e5dt og undervist i Improv Comedy siden 2018. Jeg har optr\u00e5dt mange forskellige steder i K\u00f8benhavn og omegn og udbyder pt workshops omkring Improv Comedy og hvordan teknikkerne kan benyttes in en professionel kontekst til bl.a. at:<br><br>&nbsp;&#8211; Forbedre pr\u00e6sentationsevne<br>&nbsp;&#8211; Hj\u00e6lpe Samarbejde<br>&nbsp;&#8211; Forvente det uforventede<br><br>Jeg underviser sammen med min gode ven og medimproviser Carlos Moreno. Kontakt mig endelig for et tilbud<br><\/p>\t\t\t\t\t\t<\/div>\n\t\t\t\t<\/div>\n\t\t\t\t\t<\/div>\n\t\t<\/div>\n\t\t\t\t\t<\/div>\n\t\t<\/section>\n\t\t\t\t<\/div>\n\t\t","protected":false},"excerpt":{"rendered":"<p>Improv Comedy Jeg har optr\u00e5dt og undervist i Improv Comedy siden 2018. Jeg har optr\u00e5dt mange forskellige steder i K\u00f8benhavn og omegn og udbyder pt workshops omkring Improv Comedy og hvordan teknikkerne kan benyttes in en professionel kontekst til bl.a. at: &nbsp;&#8211; Forbedre pr\u00e6sentationsevne&nbsp;&#8211; Hj\u00e6lpe Samarbejde&nbsp;&#8211; Forvente det uforventede Jeg underviser sammen med min gode &hellip;<\/p>\n<p class=\"read-more\"> <a class=\"\" href=\"https:\/\/finechariot.com\/index.php\/improv-comedy\/\"> <span class=\"screen-reader-text\">Improv Comedy<\/span> Read More &raquo;<\/a><\/p>\n","protected":false},"author":1,"featured_media":0,"parent":0,"menu_order":0,"comment_status":"closed","ping_status":"closed","template":"","meta":{"site-sidebar-layout":"no-sidebar","site-content-layout":"page-builder","ast-global-header-display":"","ast-main-header-display":"","ast-hfb-above-header-display":"","ast-hfb-below-header-display":"","ast-hfb-mobile-header-display":"","site-post-title":"disabled","ast-breadcrumbs-content":"","ast-featured-img":"disabled","footer-sml-layout":"","theme-transparent-header-meta":"","adv-header-id-meta":"","stick-header-meta":"","header-above-stick-meta":"","header-main-stick-meta":"","header-below-stick-meta":"","_themeisle_gutenberg_block_has_review":false,"_ti_tpc_template_sync":false,"_ti_tpc_template_id":"","footnotes":""},"class_list":["post-762","page","type-page","status-publish","hentry"],"jetpack_sharing_enabled":true,"_links":{"self":[{"href":"https:\/\/finechariot.com\/index.php\/wp-json\/wp\/v2\/pages\/762"}],"collection":[{"href":"https:\/\/finechariot.com\/index.php\/wp-json\/wp\/v2\/pages"}],"about":[{"href":"https:\/\/finechariot.com\/index.php\/wp-json\/wp\/v2\/types\/page"}],"author":[{"embeddable":true,"href":"https:\/\/finechariot.com\/index.php\/wp-json\/wp\/v2\/users\/1"}],"replies":[{"embeddable":true,"href":"https:\/\/finechariot.com\/index.php\/wp-json\/wp\/v2\/comments?post=762"}],"version-history":[{"count":7,"href":"https:\/\/finechariot.com\/index.php\/wp-json\/wp\/v2\/pages\/762\/revisions"}],"predecessor-version":[{"id":964,"href":"https:\/\/finechariot.com\/index.php\/wp-json\/wp\/v2\/pages\/762\/revisions\/964"}],"wp:attachment":[{"href":"https:\/\/finechariot.com\/index.php\/wp-json\/wp\/v2\/media?parent=762"}],"curies":[{"name":"wp","href":"https:\/\/api.w.org\/{rel}","templated":true}]}}